{"id":6,"date":"2025-12-17T21:32:34","date_gmt":"2025-12-17T20:32:34","guid":{"rendered":"https:\/\/decisionauthority.pl\/?page_id=6"},"modified":"2025-12-17T22:37:54","modified_gmt":"2025-12-17T21:37:54","slug":"decision-authority","status":"publish","type":"page","link":"https:\/\/decisionauthority.pl\/","title":{"rendered":"Decision Authority"},"content":{"rendered":"\n<div class=\"wp-block-group alignfull\" style=\"min-height:0vh;margin-top:0;margin-bottom:0;padding-top:var(--wp--preset--spacing--70);padding-right:var(--wp--preset--spacing--40);padding-bottom:var(--wp--preset--spacing--70);padding-left:var(--wp--preset--spacing--40)\"><div class=\"wp-block-group__inner-container is-layout-constrained wp-container-core-group-is-layout-50021241 wp-block-group-is-layout-constrained\">\n<div class=\"wp-block-group\"><div class=\"wp-block-group__inner-container is-layout-constrained wp-block-group-is-layout-constrained\">\n<h2 class=\"wp-block-heading has-text-align-center has-xx-large-font-size\" style=\"margin-right:0;margin-left:0;padding-right:0;padding-left:0\">Podejmuj w\u0142a\u015bciwe decyzje techniczne i biznesowe<br><\/h2>\n\n\n\n<p class=\"has-text-align-center\">Decision Authority to niezale\u017cne wsparcie decyzyjne dla inwestor\u00f3w, projektant\u00f3w i firm technicznych.<\/p>\n\n\n\n<p class=\"has-text-align-center\">Pomagam podejmowa\u0107 racjonalne decyzje w obszarach HVAC, energetyki, automatyki i instalacji \u2014 tam, gdzie stawk\u0105 s\u0105 pieni\u0105dze, ryzyko i d\u0142ugoterminowe konsekwencje.<\/p>\n\n\n\n<div class=\"wp-block-buttons is-content-justification-center is-layout-flex wp-container-core-buttons-is-layout-16018d1d wp-block-buttons-is-layout-flex\">\n<div class=\"wp-block-button\"><a class=\"wp-block-button__link wp-element-button\">Dowiedz si\u0119 wi\u0119cej<\/a><\/div>\n<\/div>\n<\/div><\/div>\n<\/div><\/div>\n\n\n\n<div class=\"wp-block-cover alignfull is-light\" style=\"min-height:100vh;aspect-ratio:unset;\"><img loading=\"lazy\" decoding=\"async\" width=\"1024\" height=\"683\" class=\"wp-block-cover__image-background wp-image-10 size-large\" alt=\"\" src=\"https:\/\/decisionauthority.pl\/wp-content\/uploads\/2025\/12\/3ED46FFA-A83A-4353-9BFA-7EAF91888747-1024x683.png\" data-object-fit=\"cover\" srcset=\"https:\/\/decisionauthority.pl\/wp-content\/uploads\/2025\/12\/3ED46FFA-A83A-4353-9BFA-7EAF91888747-1024x683.png 1024w, https:\/\/decisionauthority.pl\/wp-content\/uploads\/2025\/12\/3ED46FFA-A83A-4353-9BFA-7EAF91888747-300x200.png 300w, https:\/\/decisionauthority.pl\/wp-content\/uploads\/2025\/12\/3ED46FFA-A83A-4353-9BFA-7EAF91888747-768x512.png 768w, https:\/\/decisionauthority.pl\/wp-content\/uploads\/2025\/12\/3ED46FFA-A83A-4353-9BFA-7EAF91888747.png 1536w\" sizes=\"auto, (max-width: 1024px) 100vw, 1024px\" \/><span aria-hidden=\"true\" class=\"wp-block-cover__background has-background-dim\" style=\"background-color:#aeb3bb\"><\/span><div class=\"wp-block-cover__inner-container is-layout-constrained wp-block-cover-is-layout-constrained\">\n<p class=\"has-text-align-center has-large-font-size\"><\/p>\n<\/div><\/div>\n\n\n\n<div class=\"wp-block-buttons is-layout-flex wp-block-buttons-is-layout-flex\">\n<div class=\"wp-block-button\"><a class=\"wp-block-button__link wp-element-button\" href=\"http:\/\/Kontakt\">Jak mog\u0119 pom\u00f3c<br><\/a><\/div>\n\n\n\n<div class=\"wp-block-button\"><a class=\"wp-block-button__link wp-element-button\">Pomagam podejmowa\u0107 racjonalne decyzje techniczne tam, gdzie stawk\u0105 s\u0105 pieni\u0105dze, ryzyko i d\u0142ugoterminowe konsekwencje.<\/a><\/div>\n<\/div>\n\n\n\n<div class=\"wp-block-group alignfull\" style=\"margin-top:0;margin-bottom:0;padding-top:var(--wp--preset--spacing--50);padding-bottom:var(--wp--preset--spacing--50)\"><div class=\"wp-block-group__inner-container is-layout-constrained wp-block-group-is-layout-constrained\">\n<h2 class=\"wp-block-heading alignwide\">Nasze us\u0142ugi<\/h2>\n\n\n\n<div class=\"wp-block-columns alignwide is-layout-flex wp-container-core-columns-is-layout-9d6595d7 wp-block-columns-is-layout-flex\">\n<div class=\"wp-block-column is-layout-flow wp-block-column-is-layout-flow\">\n<h3 class=\"wp-block-heading\">Zbieranie<\/h3>\n\n\n\n<p class=\"has-medium-font-size\">Podobnie jak kwiaty, kt\u00f3re rozkwitaj\u0105 w nieoczekiwanych miejscach, ka\u017cda historia rozwija si\u0119 pi\u0119knie i dynamicznie<\/p>\n<\/div>\n\n\n\n<div class=\"wp-block-column is-layout-flow wp-block-column-is-layout-flow\">\n<h3 class=\"wp-block-heading\">Sk\u0142adanie<\/h3>\n\n\n\n<p class=\"has-medium-font-size\">Podobnie jak kwiaty, kt\u00f3re rozkwitaj\u0105 w nieoczekiwanych miejscach, ka\u017cda historia rozwija si\u0119 pi\u0119knie i dynamicznie<\/p>\n<\/div>\n\n\n\n<div class=\"wp-block-column is-layout-flow wp-block-column-is-layout-flow\">\n<h3 class=\"wp-block-heading\">Dostarczanie<\/h3>\n\n\n\n<p class=\"has-medium-font-size\">Podobnie jak kwiaty, kt\u00f3re rozkwitaj\u0105 w nieoczekiwanych miejscach, ka\u017cda historia rozwija si\u0119 pi\u0119knie i dynamicznie<\/p>\n<\/div>\n<\/div>\n<\/div><\/div>\n\n\n\n<div class=\"wp-block-group alignfull\" style=\"margin-top:0;margin-bottom:0;padding-top:var(--wp--preset--spacing--60);padding-bottom:var(--wp--preset--spacing--60)\"><div class=\"wp-block-group__inner-container is-layout-constrained wp-block-group-is-layout-constrained\">\n<div class=\"wp-block-columns alignwide is-layout-flex wp-container-core-columns-is-layout-8e1be784 wp-block-columns-is-layout-flex\">\n<div class=\"wp-block-column is-layout-flow wp-block-column-is-layout-flow\"><\/div>\n\n\n\n<div class=\"wp-block-column is-layout-flow wp-block-column-is-layout-flow\" style=\"padding-top:0;padding-right:0;padding-bottom:0;padding-left:0\"><\/div>\n<\/div>\n<\/div><\/div>\n\n\n\n<aside class=\"wp-block-group alignfull is-style-section-3\" style=\"margin-top:0;margin-bottom:0;padding-top:var(--wp--preset--spacing--50);padding-right:var(--wp--preset--spacing--50);padding-bottom:var(--wp--preset--spacing--50);padding-left:var(--wp--preset--spacing--50)\"><div class=\"wp-block-group__inner-container is-layout-constrained wp-container-core-group-is-layout-f69f53e0 wp-block-group-is-layout-constrained\"><\/div><\/aside>\n\n\n\n<p><\/p>\n\n\n\n<p><\/p>\n\n\n\n<div class=\"wp-block-cover alignleft\"><img loading=\"lazy\" decoding=\"async\" width=\"733\" height=\"422\" class=\"wp-block-cover__image-background wp-image-11 size-full\" alt=\"\" src=\"https:\/\/decisionauthority.pl\/wp-content\/uploads\/2025\/12\/3ED46FFA-A83A-4353-9BFA-7EAF91888747.jpeg\" data-object-fit=\"cover\" srcset=\"https:\/\/decisionauthority.pl\/wp-content\/uploads\/2025\/12\/3ED46FFA-A83A-4353-9BFA-7EAF91888747.jpeg 733w, https:\/\/decisionauthority.pl\/wp-content\/uploads\/2025\/12\/3ED46FFA-A83A-4353-9BFA-7EAF91888747-300x173.jpeg 300w\" sizes=\"auto, (max-width: 733px) 100vw, 733px\" \/><span aria-hidden=\"true\" class=\"wp-block-cover__background has-background-dim\" style=\"background-color:#394b5f\"><\/span><div class=\"wp-block-cover__inner-container is-layout-constrained wp-block-cover-is-layout-constrained\">\n<p class=\"has-text-align-center has-large-font-size\"><\/p>\n<\/div><\/div>\n\n\n\n<p><\/p>\n","protected":false},"excerpt":{"rendered":"<p>Podejmuj w\u0142a\u015bciwe decyzje techniczne i biznesowe Decision Authority to niezale\u017cne wsparcie decyzyjne dla inwestor\u00f3w, projektant\u00f3w i firm technicznych. Pomagam podejmowa\u0107 racjonalne decyzje w obszarach HVAC, energetyki, automatyki i instalacji \u2014 tam, gdzie stawk\u0105 s\u0105 pieni\u0105dze, ryzyko i d\u0142ugoterminowe konsekwencje. Nasze us\u0142ugi Zbieranie Podobnie jak kwiaty, kt\u00f3re rozkwitaj\u0105 w nieoczekiwanych miejscach,&#8230;<\/p>\n","protected":false},"author":1,"featured_media":0,"parent":0,"menu_order":0,"comment_status":"closed","ping_status":"closed","template":"","meta":{"footnotes":""},"class_list":["post-6","page","type-page","status-publish","hentry"],"_links":{"self":[{"href":"https:\/\/decisionauthority.pl\/index.php?rest_route=\/wp\/v2\/pages\/6","targetHints":{"allow":["GET"]}}],"collection":[{"href":"https:\/\/decisionauthority.pl\/index.php?rest_route=\/wp\/v2\/pages"}],"about":[{"href":"https:\/\/decisionauthority.pl\/index.php?rest_route=\/wp\/v2\/types\/page"}],"author":[{"embeddable":true,"href":"https:\/\/decisionauthority.pl\/index.php?rest_route=\/wp\/v2\/users\/1"}],"replies":[{"embeddable":true,"href":"https:\/\/decisionauthority.pl\/index.php?rest_route=%2Fwp%2Fv2%2Fcomments&post=6"}],"version-history":[{"count":3,"href":"https:\/\/decisionauthority.pl\/index.php?rest_route=\/wp\/v2\/pages\/6\/revisions"}],"predecessor-version":[{"id":13,"href":"https:\/\/decisionauthority.pl\/index.php?rest_route=\/wp\/v2\/pages\/6\/revisions\/13"}],"wp:attachment":[{"href":"https:\/\/decisionauthority.pl\/index.php?rest_route=%2Fwp%2Fv2%2Fmedia&parent=6"}],"curies":[{"name":"wp","href":"https:\/\/api.w.org\/{rel}","templated":true}]}}